{"id":14,"date":"2018-07-19T19:55:21","date_gmt":"2018-07-19T19:55:21","guid":{"rendered":"https:\/\/suzyapartmaneger.hu\/?page_id=14"},"modified":"2025-03-29T16:00:33","modified_gmt":"2025-03-29T16:00:33","slug":"apartmanunkrol","status":"publish","type":"page","link":"https:\/\/suzyapartmaneger.hu\/en\/apartmanunkrol\/","title":{"rendered":"About us"},"content":{"rendered":"<div class=\"wp-block-image is-style-default\">\n<figure class=\"aligncenter size-large is-resized\"><img decoding=\"async\" loading=\"lazy\" src=\"https:\/\/suzyapartmaneger.hu\/wp-content\/uploads\/2018\/07\/DSC_2398-1024x684.jpg\" alt=\"\" class=\"wp-image-89\" width=\"768\" height=\"513\" srcset=\"https:\/\/suzyapartmaneger.hu\/wp-content\/uploads\/2018\/07\/DSC_2398.jpg 1024w, https:\/\/suzyapartmaneger.hu\/wp-content\/uploads\/2018\/07\/DSC_2398-300x200.jpg 300w, https:\/\/suzyapartmaneger.hu\/wp-content\/uploads\/2018\/07\/DSC_2398-768x513.jpg 768w\" sizes=\"(max-width: 768px) 100vw, 768px\" \/><\/figure><\/div>\n\n\n<p class=\"translation-block\">Our accommodation is located in a renovated historic building that is more than 250 years old. From its window you can enjoy a wonderful view of the renovated Archbishop's Palace, its baroque garden and the towers of the Basilica. Thanks to its great location, most of Eger's sights are only a few minutes' walk from the building. The Sz\u00e9passzonyv\u00f6lgy takes 20-25 minutes on foot or can be comfortably reached by the sightseeing train. There are many cozy restaurants, cafes, ice cream parlors and terraces under the building.<\/p>\n\n\n\n<p class=\"translation-block\">Guests can enjoy the picturesque atmosphere and magnificent panorama of Eger at any time of the day with a glass of wine.<\/p>\n\n\n\n<p class=\"translation-block\">The city has grown into a FESTIVAL CITY in recent years, so every weekend offers some kind of cultural, gastronomic, classical and pop music experience.<\/p>\n\n\n<div class=\"wp-block-image\">\n<figure class=\"aligncenter size-large is-resized\"><img decoding=\"async\" loading=\"lazy\" src=\"https:\/\/suzyapartmaneger.hu\/wp-content\/uploads\/2019\/07\/09-1024x684.jpg\" alt=\"\" class=\"wp-image-284\" width=\"768\" height=\"513\"\/><\/figure><\/div>\n\n\n<p class=\"translation-block\">We also welcome children! We provide them with a cot, high chair, baby bath, changing table, stroller, cups, plates and toys.<\/p>\n\n\n<div class=\"wp-block-image\">\n<figure class=\"aligncenter size-large\"><img decoding=\"async\" loading=\"lazy\" width=\"1024\" height=\"623\" src=\"https:\/\/suzyapartmaneger.hu\/wp-content\/uploads\/2023\/03\/DSC_2755-1024x623.jpg\" alt=\"\" class=\"wp-image-530\" srcset=\"https:\/\/suzyapartmaneger.hu\/wp-content\/uploads\/2023\/03\/DSC_2755-1024x623.jpg 1024w, https:\/\/suzyapartmaneger.hu\/wp-content\/uploads\/2023\/03\/DSC_2755-300x182.jpg 300w, https:\/\/suzyapartmaneger.hu\/wp-content\/uploads\/2023\/03\/DSC_2755-768x467.jpg 768w, https:\/\/suzyapartmaneger.hu\/wp-content\/uploads\/2023\/03\/DSC_2755-1536x934.jpg 1536w, https:\/\/suzyapartmaneger.hu\/wp-content\/uploads\/2023\/03\/DSC_2755-99x60.jpg 99w, https:\/\/suzyapartmaneger.hu\/wp-content\/uploads\/2023\/03\/DSC_2755.jpg 1700w\" sizes=\"(max-width: 1024px) 100vw, 1024px\" \/><\/figure><\/div>\n\n\n<p>The kitchen facilities provide an opportunity for anyone who would like to prepare or eat anything within the apartment.<\/p>\n\n\n\n<p>It contains: oven, microwave, extractor hood, coffee maker, kettle, toaster, refrigerator, plates, dishes, water, champagne, wine, brandy glasses, mugs, cups...<\/p>\n\n\n\n<p>Other equipment of the apartment includes towels, shower gel, shampoo, liquid soap, hair dryer, washing-up liquid, sponge, iron and ironing board.<\/p>\n\n\n<div class=\"wp-block-image\">\n<figure class=\"aligncenter size-large is-resized\"><img decoding=\"async\" loading=\"lazy\" src=\"https:\/\/suzyapartmaneger.hu\/wp-content\/uploads\/2018\/07\/DSC_2410-1024x684.jpg\" alt=\"\" class=\"wp-image-154\" width=\"768\" height=\"513\" srcset=\"https:\/\/suzyapartmaneger.hu\/wp-content\/uploads\/2018\/07\/DSC_2410.jpg 1024w, https:\/\/suzyapartmaneger.hu\/wp-content\/uploads\/2018\/07\/DSC_2410-300x200.jpg 300w, https:\/\/suzyapartmaneger.hu\/wp-content\/uploads\/2018\/07\/DSC_2410-768x513.jpg 768w\" sizes=\"(max-width: 768px) 100vw, 768px\" \/><\/figure><\/div>\n\n\n<p><strong><em>We provide free parking and a permit to enter the closed parking lot in the inner courtyar of the building.<\/em><\/strong><\/p>\n\n\n<div class=\"wp-block-image\">\n<figure class=\"aligncenter size-full\"><a href=\"https:\/\/suzyapartmaneger.hu\/en\/kapcsolat\/\"><img decoding=\"async\" loading=\"lazy\" width=\"105\" height=\"61\" src=\"https:\/\/suzyapartmaneger.hu\/wp-content\/uploads\/2025\/03\/kapcsolat.png\" alt=\"\" class=\"wp-image-654\" srcset=\"https:\/\/suzyapartmaneger.hu\/wp-content\/uploads\/2025\/03\/kapcsolat.png 105w, https:\/\/suzyapartmaneger.hu\/wp-content\/uploads\/2025\/03\/kapcsolat-18x10.png 18w, https:\/\/suzyapartmaneger.hu\/wp-content\/uploads\/2025\/03\/kapcsolat-103x60.png 103w\" sizes=\"(max-width: 105px) 100vw, 105px\" \/><\/a><\/figure><\/div>","protected":false},"excerpt":{"rendered":"<p>Sz\u00e1ll\u00e1shely\u00fcnk egy t\u00f6bb, mint 250 \u00e9ves fel\u00faj\u00edtott m\u0171eml\u00e9k \u00e9p\u00fcletben tal\u00e1lhat\u00f3. Ablak\u00e1b\u00f3l csod\u00e1s kil\u00e1t\u00e1s ny\u00edlik a meg\u00fajult \u00c9rseki Palot\u00e1ra, annak barokk kertj\u00e9re \u00e9s a Bazilika tornyaira. &hellip; <\/p>","protected":false},"author":2,"featured_media":0,"parent":0,"menu_order":0,"comment_status":"closed","ping_status":"closed","template":"","meta":{"ngg_post_thumbnail":0},"_links":{"self":[{"href":"https:\/\/suzyapartmaneger.hu\/en\/wp-json\/wp\/v2\/pages\/14"}],"collection":[{"href":"https:\/\/suzyapartmaneger.hu\/en\/wp-json\/wp\/v2\/pages"}],"about":[{"href":"https:\/\/suzyapartmaneger.hu\/en\/wp-json\/wp\/v2\/types\/page"}],"author":[{"embeddable":true,"href":"https:\/\/suzyapartmaneger.hu\/en\/wp-json\/wp\/v2\/users\/2"}],"replies":[{"embeddable":true,"href":"https:\/\/suzyapartmaneger.hu\/en\/wp-json\/wp\/v2\/comments?post=14"}],"version-history":[{"count":44,"href":"https:\/\/suzyapartmaneger.hu\/en\/wp-json\/wp\/v2\/pages\/14\/revisions"}],"predecessor-version":[{"id":678,"href":"https:\/\/suzyapartmaneger.hu\/en\/wp-json\/wp\/v2\/pages\/14\/revisions\/678"}],"wp:attachment":[{"href":"https:\/\/suzyapartmaneger.hu\/en\/wp-json\/wp\/v2\/media?parent=14"}],"curies":[{"name":"wp","href":"https:\/\/api.w.org\/{rel}","templated":true}]}}