{"id":19,"date":"2018-07-19T20:05:20","date_gmt":"2018-07-19T20:05:20","guid":{"rendered":"https:\/\/suzyapartmaneger.hu\/?page_id=19"},"modified":"2025-03-29T16:12:38","modified_gmt":"2025-03-29T16:12:38","slug":"kapcsolat","status":"publish","type":"page","link":"https:\/\/suzyapartmaneger.hu\/en\/kapcsolat\/","title":{"rendered":"Contact"},"content":{"rendered":"<div class=\"wp-block-image\">\n<figure class=\"aligncenter size-large is-resized\"><img decoding=\"async\" src=\"https:\/\/suzyapartmaneger.hu\/wp-content\/uploads\/2023\/03\/image0-31cr-1024x768.jpeg\" alt=\"\" class=\"wp-image-542\" width=\"700\" srcset=\"https:\/\/suzyapartmaneger.hu\/wp-content\/uploads\/2023\/03\/image0-31cr-1024x768.jpeg 1024w, https:\/\/suzyapartmaneger.hu\/wp-content\/uploads\/2023\/03\/image0-31cr-300x225.jpeg 300w, https:\/\/suzyapartmaneger.hu\/wp-content\/uploads\/2023\/03\/image0-31cr-768x576.jpeg 768w, https:\/\/suzyapartmaneger.hu\/wp-content\/uploads\/2023\/03\/image0-31cr-80x60.jpeg 80w, https:\/\/suzyapartmaneger.hu\/wp-content\/uploads\/2023\/03\/image0-31cr.jpeg 1500w\" sizes=\"(max-width: 1024px) 100vw, 1024px\" \/><\/figure><\/div>\n\n\n<p class=\"has-text-align-center\">C\u00edm: 3300 Eger, Sz\u00e9chenyi Istv\u00e1n \u00fat 2. 2\/17<\/p>\n\n\n\n<p class=\"has-text-align-center has-medium-font-size\"><strong><em>Phone: +36 30\/295 22 94<\/em><\/strong><\/p>\n\n\n\n<p class=\"has-text-align-center\">E-mail:&nbsp;suzy.apartman@gmail.com<\/p>\n\n\n\n<p class=\"has-text-align-center\">Facebook: <a rel=\"noopener\" href=\"https:\/\/www.facebook.com\/Suzy-Apartman-Eger-2193563094003892\/\" target=\"_blank\">facebook.com\/suzyapartman<\/a><\/p>\n\n\n\n<p class=\"has-text-align-center\">NTAK regisztr\u00e1ci\u00f3s sz\u00e1m: MA19013135<\/p>\n\n\n\n<p class=\"has-text-align-center\"><iframe loading=\"lazy\" style=\"border: 0;\" src=\"https:\/\/www.google.com\/maps\/embed?pb=!1m21!1m12!1m3!1d2674.8482985628325!2d20.375301032809862!3d47.90062143204208!2m3!1f0!2f0!3f0!3m2!1i1024!2i768!4f13.1!4m6!3e6!4m0!4m3!3m2!1d47.900584699999996!2d20.374860299999998!5e0!3m2!1shu!2shu!4v1532117440764\" width=\"600\" height=\"450\" frameborder=\"0\" allowfullscreen=\"allowfullscreen\"><\/iframe><\/p>","protected":false},"excerpt":{"rendered":"<p>C\u00edm: 3300 Eger, Sz\u00e9chenyi Istv\u00e1n \u00fat 2. 2\/17 Telefon: +36 30\/295 22 94 E-mail:&nbsp;suzy.apartman@gmail.com Facebook: facebook.com\/suzyapartman NTAK regisztr\u00e1ci\u00f3s sz\u00e1m: MA19013135<\/p>","protected":false},"author":2,"featured_media":0,"parent":0,"menu_order":0,"comment_status":"closed","ping_status":"closed","template":"","meta":{"ngg_post_thumbnail":0},"_links":{"self":[{"href":"https:\/\/suzyapartmaneger.hu\/en\/wp-json\/wp\/v2\/pages\/19"}],"collection":[{"href":"https:\/\/suzyapartmaneger.hu\/en\/wp-json\/wp\/v2\/pages"}],"about":[{"href":"https:\/\/suzyapartmaneger.hu\/en\/wp-json\/wp\/v2\/types\/page"}],"author":[{"embeddable":true,"href":"https:\/\/suzyapartmaneger.hu\/en\/wp-json\/wp\/v2\/users\/2"}],"replies":[{"embeddable":true,"href":"https:\/\/suzyapartmaneger.hu\/en\/wp-json\/wp\/v2\/comments?post=19"}],"version-history":[{"count":16,"href":"https:\/\/suzyapartmaneger.hu\/en\/wp-json\/wp\/v2\/pages\/19\/revisions"}],"predecessor-version":[{"id":685,"href":"https:\/\/suzyapartmaneger.hu\/en\/wp-json\/wp\/v2\/pages\/19\/revisions\/685"}],"wp:attachment":[{"href":"https:\/\/suzyapartmaneger.hu\/en\/wp-json\/wp\/v2\/media?parent=19"}],"curies":[{"name":"wp","href":"https:\/\/api.w.org\/{rel}","templated":true}]}}