{"id":20,"date":"2018-07-19T20:05:20","date_gmt":"2018-07-19T20:05:20","guid":{"rendered":"https:\/\/suzyapartmaneger.hu\/?page_id=20"},"modified":"2023-03-21T12:24:45","modified_gmt":"2023-03-21T12:24:45","slug":"galeria","status":"publish","type":"page","link":"https:\/\/suzyapartmaneger.hu\/en\/galeria\/","title":{"rendered":"Gallery"},"content":{"rendered":"<p style=\"text-align: center;\">A Suzy Apartman 2 szob\u00e1b\u00f3l \u00e1ll.<br \/>\nAz els\u0151ben egy eleg\u00e1ns kih\u00fazhat\u00f3s 2 szem\u00e9lyes kanap\u00e9 kapott helyet. Az ebb\u0151l ny\u00edl\u00f3 t\u00e1gas nappaliban egy francia\u00e1gy \u00e9s szint\u00e9n egy kih\u00fazhat\u00f3s 2 szem\u00e9lyes kanap\u00e9 biztos\u00edtja 4 f\u0151 k\u00e9nyelmes fekhely\u00e9t.<br \/>\nSzekr\u00e9nyek, polcok \u00e9s kom\u00f3dok seg\u00edtik a k\u00f6nnyebb kipakol\u00e1st.<br \/>\nA lak\u00e1s 1-6 f\u0151 elsz\u00e1ll\u00e1sol\u00e1s\u00e1ra alkalmas. Ingyenes, gyors wifi \u00e9s s\u00edkk\u00e9perny\u0151s tv is hozz\u00e1j\u00e1rul a kellemes pihen\u00e9shez.<\/p>\n<div id='gallery-1' class='gallery galleryid-20 gallery-columns-4 gallery-size-medium'><figure class='gallery-item'>\r\n    \t\t<div class='gallery-icon landscape'>\r\n    \t\t\t<a href='https:\/\/suzyapartmaneger.hu\/wp-content\/uploads\/2018\/07\/DSC_2450.jpg' data-fancybox='group4' data-caption=''><img width=\"300\" height=\"199\" src=\"https:\/\/suzyapartmaneger.hu\/wp-content\/uploads\/2018\/07\/DSC_2450-300x199.jpg\" class=\"attachment-medium size-medium\" alt=\"\" decoding=\"async\" loading=\"lazy\" srcset=\"https:\/\/suzyapartmaneger.hu\/wp-content\/uploads\/2018\/07\/DSC_2450-300x199.jpg 300w, https:\/\/suzyapartmaneger.hu\/wp-content\/uploads\/2018\/07\/DSC_2450-768x510.jpg 768w, https:\/\/suzyapartmaneger.hu\/wp-content\/uploads\/2018\/07\/DSC_2450.jpg 1024w\" sizes=\"(max-width: 300px) 100vw, 300px\" \/><\/a>\r\n    \t\t<\/div><\/figure><figure class='gallery-item'>\r\n    \t\t<div class='gallery-icon landscape'>\r\n    \t\t\t<a href='https:\/\/suzyapartmaneger.hu\/wp-content\/uploads\/2018\/07\/DSC_2474-1.jpg' data-fancybox='group4' data-caption=''><img width=\"300\" height=\"200\" src=\"https:\/\/suzyapartmaneger.hu\/wp-content\/uploads\/2018\/07\/DSC_2474-1-300x200.jpg\" class=\"attachment-medium size-medium\" alt=\"\" decoding=\"async\" loading=\"lazy\" srcset=\"https:\/\/suzyapartmaneger.hu\/wp-content\/uploads\/2018\/07\/DSC_2474-1-300x200.jpg 300w, https:\/\/suzyapartmaneger.hu\/wp-content\/uploads\/2018\/07\/DSC_2474-1-768x513.jpg 768w, https:\/\/suzyapartmaneger.hu\/wp-content\/uploads\/2018\/07\/DSC_2474-1.jpg 1024w\" sizes=\"(max-width: 300px) 100vw, 300px\" \/><\/a>\r\n    \t\t<\/div><\/figure><figure class='gallery-item'>\r\n    \t\t<div class='gallery-icon landscape'>\r\n    \t\t\t<a href='https:\/\/suzyapartmaneger.hu\/wp-content\/uploads\/2018\/07\/DSC_2472.jpg' data-fancybox='group4' data-caption=''><img width=\"300\" height=\"200\" src=\"https:\/\/suzyapartmaneger.hu\/wp-content\/uploads\/2018\/07\/DSC_2472-300x200.jpg\" class=\"attachment-medium size-medium\" alt=\"\" decoding=\"async\" loading=\"lazy\" srcset=\"https:\/\/suzyapartmaneger.hu\/wp-content\/uploads\/2018\/07\/DSC_2472-300x200.jpg 300w, https:\/\/suzyapartmaneger.hu\/wp-content\/uploads\/2018\/07\/DSC_2472-768x513.jpg 768w, https:\/\/suzyapartmaneger.hu\/wp-content\/uploads\/2018\/07\/DSC_2472.jpg 1024w\" sizes=\"(max-width: 300px) 100vw, 300px\" \/><\/a>\r\n    \t\t<\/div><\/figure><figure class='gallery-item'>\r\n    \t\t<div class='gallery-icon landscape'>\r\n    \t\t\t<a href='https:\/\/suzyapartmaneger.hu\/wp-content\/uploads\/2018\/07\/DSC_2436.jpg' data-fancybox='group4' data-caption=''><img width=\"300\" height=\"200\" src=\"https:\/\/suzyapartmaneger.hu\/wp-content\/uploads\/2018\/07\/DSC_2436-300x200.jpg\" class=\"attachment-medium size-medium\" alt=\"\" decoding=\"async\" loading=\"lazy\" srcset=\"https:\/\/suzyapartmaneger.hu\/wp-content\/uploads\/2018\/07\/DSC_2436-300x200.jpg 300w, https:\/\/suzyapartmaneger.hu\/wp-content\/uploads\/2018\/07\/DSC_2436-768x513.jpg 768w, https:\/\/suzyapartmaneger.hu\/wp-content\/uploads\/2018\/07\/DSC_2436.jpg 1024w\" sizes=\"(max-width: 300px) 100vw, 300px\" \/><\/a>\r\n    \t\t<\/div><\/figure><figure class='gallery-item'>\r\n    \t\t<div class='gallery-icon landscape'>\r\n    \t\t\t<a href='https:\/\/suzyapartmaneger.hu\/wp-content\/uploads\/2018\/07\/DSC_2424.jpg' data-fancybox='group4' data-caption=''><img width=\"300\" height=\"205\" src=\"https:\/\/suzyapartmaneger.hu\/wp-content\/uploads\/2018\/07\/DSC_2424-300x205.jpg\" class=\"attachment-medium size-medium\" alt=\"\" decoding=\"async\" loading=\"lazy\" srcset=\"https:\/\/suzyapartmaneger.hu\/wp-content\/uploads\/2018\/07\/DSC_2424-300x205.jpg 300w, https:\/\/suzyapartmaneger.hu\/wp-content\/uploads\/2018\/07\/DSC_2424-768x524.jpg 768w, https:\/\/suzyapartmaneger.hu\/wp-content\/uploads\/2018\/07\/DSC_2424.jpg 1024w\" sizes=\"(max-width: 300px) 100vw, 300px\" \/><\/a>\r\n    \t\t<\/div><\/figure><figure class='gallery-item'>\r\n    \t\t<div class='gallery-icon landscape'>\r\n    \t\t\t<a href='https:\/\/suzyapartmaneger.hu\/wp-content\/uploads\/2018\/07\/DSC_2438.jpg' data-fancybox='group4' data-caption=''><img width=\"300\" height=\"200\" src=\"https:\/\/suzyapartmaneger.hu\/wp-content\/uploads\/2018\/07\/DSC_2438-300x200.jpg\" class=\"attachment-medium size-medium\" alt=\"\" decoding=\"async\" loading=\"lazy\" srcset=\"https:\/\/suzyapartmaneger.hu\/wp-content\/uploads\/2018\/07\/DSC_2438-300x200.jpg 300w, https:\/\/suzyapartmaneger.hu\/wp-content\/uploads\/2018\/07\/DSC_2438-768x513.jpg 768w, https:\/\/suzyapartmaneger.hu\/wp-content\/uploads\/2018\/07\/DSC_2438.jpg 1024w\" sizes=\"(max-width: 300px) 100vw, 300px\" \/><\/a>\r\n    \t\t<\/div><\/figure>\r\n    \t<\/div>\n\n<h2 style=\"text-align: center;\">Kil\u00e1t\u00e1s a nappali ablak\u00e1b\u00f3l<\/h2>\n<div id='gallery-2' class='gallery galleryid-20 gallery-columns-4 gallery-size-medium'><figure class='gallery-item'>\r\n    \t\t<div class='gallery-icon landscape'>\r\n    \t\t\t<a href='https:\/\/suzyapartmaneger.hu\/wp-content\/uploads\/2018\/07\/DSC_2403.jpg' data-fancybox='group4' data-caption='A Bazilika tornyai'><img width=\"300\" height=\"200\" src=\"https:\/\/suzyapartmaneger.hu\/wp-content\/uploads\/2018\/07\/DSC_2403-300x200.jpg\" class=\"attachment-medium size-medium\" alt=\"\" decoding=\"async\" loading=\"lazy\" aria-describedby=\"gallery-2-157\" srcset=\"https:\/\/suzyapartmaneger.hu\/wp-content\/uploads\/2018\/07\/DSC_2403-300x200.jpg 300w, https:\/\/suzyapartmaneger.hu\/wp-content\/uploads\/2018\/07\/DSC_2403-768x512.jpg 768w, https:\/\/suzyapartmaneger.hu\/wp-content\/uploads\/2018\/07\/DSC_2403.jpg 1024w\" sizes=\"(max-width: 300px) 100vw, 300px\" \/><\/a>\r\n    \t\t<\/div>\r\n    \t\t\t<figcaption class='wp-caption-text gallery-caption' id='gallery-2-157'>\r\n    \t\t\tThe towers of the Basilica\r\n    \t\t\t<\/figcaption><\/figure><figure class='gallery-item'>\r\n    \t\t<div class='gallery-icon landscape'>\r\n    \t\t\t<a href='https:\/\/suzyapartmaneger.hu\/wp-content\/uploads\/2023\/03\/DSC_2776.jpg' data-fancybox='group4' data-caption='Az \u00c9rseki-palota'><img width=\"300\" height=\"267\" src=\"https:\/\/suzyapartmaneger.hu\/wp-content\/uploads\/2023\/03\/DSC_2776-300x267.jpg\" class=\"attachment-medium size-medium\" alt=\"\" decoding=\"async\" loading=\"lazy\" aria-describedby=\"gallery-2-548\" srcset=\"https:\/\/suzyapartmaneger.hu\/wp-content\/uploads\/2023\/03\/DSC_2776-300x267.jpg 300w, https:\/\/suzyapartmaneger.hu\/wp-content\/uploads\/2023\/03\/DSC_2776-1024x912.jpg 1024w, https:\/\/suzyapartmaneger.hu\/wp-content\/uploads\/2023\/03\/DSC_2776-768x684.jpg 768w, https:\/\/suzyapartmaneger.hu\/wp-content\/uploads\/2023\/03\/DSC_2776-67x60.jpg 67w, https:\/\/suzyapartmaneger.hu\/wp-content\/uploads\/2023\/03\/DSC_2776.jpg 1500w\" sizes=\"(max-width: 300px) 100vw, 300px\" \/><\/a>\r\n    \t\t<\/div>\r\n    \t\t\t<figcaption class='wp-caption-text gallery-caption' id='gallery-2-548'>\r\n    \t\t\tAz \u00c9rseki-palota\r\n    \t\t\t<\/figcaption><\/figure><figure class='gallery-item'>\r\n    \t\t<div class='gallery-icon landscape'>\r\n    \t\t\t<a href='https:\/\/suzyapartmaneger.hu\/wp-content\/uploads\/2018\/07\/DSC_2398-1.jpg' data-fancybox='group4' data-caption='Az \u00c9rseki-palota parkja'><img width=\"300\" height=\"200\" src=\"https:\/\/suzyapartmaneger.hu\/wp-content\/uploads\/2018\/07\/DSC_2398-1-300x200.jpg\" class=\"attachment-medium size-medium\" alt=\"\" decoding=\"async\" loading=\"lazy\" aria-describedby=\"gallery-2-155\" srcset=\"https:\/\/suzyapartmaneger.hu\/wp-content\/uploads\/2018\/07\/DSC_2398-1-300x200.jpg 300w, https:\/\/suzyapartmaneger.hu\/wp-content\/uploads\/2018\/07\/DSC_2398-1-768x513.jpg 768w, https:\/\/suzyapartmaneger.hu\/wp-content\/uploads\/2018\/07\/DSC_2398-1.jpg 1024w\" sizes=\"(max-width: 300px) 100vw, 300px\" \/><\/a>\r\n    \t\t<\/div>\r\n    \t\t\t<figcaption class='wp-caption-text gallery-caption' id='gallery-2-155'>\r\n    \t\t\tThe park of the Archbishop's Palace\r\n    \t\t\t<\/figcaption><\/figure><figure class='gallery-item'>\r\n    \t\t<div class='gallery-icon landscape'>\r\n    \t\t\t<a href='https:\/\/suzyapartmaneger.hu\/wp-content\/uploads\/2018\/07\/DSC_2405.jpg' data-fancybox='group4' data-caption='Az \u00c9rseki-palota parkja'><img width=\"300\" height=\"200\" src=\"https:\/\/suzyapartmaneger.hu\/wp-content\/uploads\/2018\/07\/DSC_2405-300x200.jpg\" class=\"attachment-medium size-medium\" alt=\"\" decoding=\"async\" loading=\"lazy\" aria-describedby=\"gallery-2-158\" srcset=\"https:\/\/suzyapartmaneger.hu\/wp-content\/uploads\/2018\/07\/DSC_2405-300x200.jpg 300w, https:\/\/suzyapartmaneger.hu\/wp-content\/uploads\/2018\/07\/DSC_2405-768x513.jpg 768w, https:\/\/suzyapartmaneger.hu\/wp-content\/uploads\/2018\/07\/DSC_2405.jpg 1024w\" sizes=\"(max-width: 300px) 100vw, 300px\" \/><\/a>\r\n    \t\t<\/div>\r\n    \t\t\t<figcaption class='wp-caption-text gallery-caption' id='gallery-2-158'>\r\n    \t\t\tThe park of the Archbishop's Palace\r\n    \t\t\t<\/figcaption><\/figure><figure class='gallery-item'>\r\n    \t\t<div class='gallery-icon landscape'>\r\n    \t\t\t<a href='https:\/\/suzyapartmaneger.hu\/wp-content\/uploads\/2018\/07\/DSC_2410.jpg' data-fancybox='group4' data-caption='Biztons\u00e1gos \u00e9s ingyenes parkol\u00f3'><img width=\"300\" height=\"200\" src=\"https:\/\/suzyapartmaneger.hu\/wp-content\/uploads\/2018\/07\/DSC_2410-300x200.jpg\" class=\"attachment-medium size-medium\" alt=\"\" decoding=\"async\" loading=\"lazy\" aria-describedby=\"gallery-2-154\" srcset=\"https:\/\/suzyapartmaneger.hu\/wp-content\/uploads\/2018\/07\/DSC_2410-300x200.jpg 300w, https:\/\/suzyapartmaneger.hu\/wp-content\/uploads\/2018\/07\/DSC_2410-768x513.jpg 768w, https:\/\/suzyapartmaneger.hu\/wp-content\/uploads\/2018\/07\/DSC_2410.jpg 1024w\" sizes=\"(max-width: 300px) 100vw, 300px\" \/><\/a>\r\n    \t\t<\/div>\r\n    \t\t\t<figcaption class='wp-caption-text gallery-caption' id='gallery-2-154'>\r\n    \t\t\tBiztons\u00e1gos \u00e9s ingyenes parkol\u00f3\r\n    \t\t\t<\/figcaption><\/figure>\r\n    \t<\/div>\n\n<h2 style=\"text-align: center;\">Family-friendly services<\/h2>\n<div id='gallery-3' class='gallery galleryid-20 gallery-columns-4 gallery-size-medium'><figure class='gallery-item'>\r\n    \t\t<div class='gallery-icon landscape'>\r\n    \t\t\t<a href='https:\/\/suzyapartmaneger.hu\/en\/szolgaltatasaink\/attachment\/13\/'><img width=\"300\" height=\"200\" src=\"https:\/\/suzyapartmaneger.hu\/wp-content\/uploads\/2019\/07\/13-300x200.jpg\" class=\"attachment-medium size-medium\" alt=\"\" decoding=\"async\" loading=\"lazy\" srcset=\"https:\/\/suzyapartmaneger.hu\/wp-content\/uploads\/2019\/07\/13-300x200.jpg 300w, https:\/\/suzyapartmaneger.hu\/wp-content\/uploads\/2019\/07\/13-768x513.jpg 768w, https:\/\/suzyapartmaneger.hu\/wp-content\/uploads\/2019\/07\/13-e1562581621940.jpg 1024w, https:\/\/suzyapartmaneger.hu\/wp-content\/uploads\/2019\/07\/13-1500x1001.jpg 1500w\" sizes=\"(max-width: 300px) 100vw, 300px\" \/><\/a>\r\n    \t\t<\/div><\/figure><figure class='gallery-item'>\r\n    \t\t<div class='gallery-icon landscape'>\r\n    \t\t\t<a href='https:\/\/suzyapartmaneger.hu\/en\/szolgaltatasaink\/attachment\/12\/'><img width=\"300\" height=\"200\" src=\"https:\/\/suzyapartmaneger.hu\/wp-content\/uploads\/2019\/07\/12-300x200.jpg\" class=\"attachment-medium size-medium\" alt=\"\" decoding=\"async\" loading=\"lazy\" srcset=\"https:\/\/suzyapartmaneger.hu\/wp-content\/uploads\/2019\/07\/12-300x200.jpg 300w, https:\/\/suzyapartmaneger.hu\/wp-content\/uploads\/2019\/07\/12-768x513.jpg 768w, https:\/\/suzyapartmaneger.hu\/wp-content\/uploads\/2019\/07\/12-e1562581519782.jpg 1024w, https:\/\/suzyapartmaneger.hu\/wp-content\/uploads\/2019\/07\/12-1500x1001.jpg 1500w\" sizes=\"(max-width: 300px) 100vw, 300px\" \/><\/a>\r\n    \t\t<\/div><\/figure><figure class='gallery-item'>\r\n    \t\t<div class='gallery-icon landscape'>\r\n    \t\t\t<a href='https:\/\/suzyapartmaneger.hu\/en\/szolgaltatasaink\/attachment\/11\/'><img width=\"300\" height=\"200\" src=\"https:\/\/suzyapartmaneger.hu\/wp-content\/uploads\/2019\/07\/11-300x200.jpg\" class=\"attachment-medium size-medium\" alt=\"\" decoding=\"async\" loading=\"lazy\" srcset=\"https:\/\/suzyapartmaneger.hu\/wp-content\/uploads\/2019\/07\/11-300x200.jpg 300w, https:\/\/suzyapartmaneger.hu\/wp-content\/uploads\/2019\/07\/11-768x513.jpg 768w, https:\/\/suzyapartmaneger.hu\/wp-content\/uploads\/2019\/07\/11-e1562581504752.jpg 1024w, https:\/\/suzyapartmaneger.hu\/wp-content\/uploads\/2019\/07\/11-1500x1001.jpg 1500w\" sizes=\"(max-width: 300px) 100vw, 300px\" \/><\/a>\r\n    \t\t<\/div><\/figure><figure class='gallery-item'>\r\n    \t\t<div class='gallery-icon landscape'>\r\n    \t\t\t<a href='https:\/\/suzyapartmaneger.hu\/en\/szolgaltatasaink\/attachment\/09\/'><img width=\"300\" height=\"200\" src=\"https:\/\/suzyapartmaneger.hu\/wp-content\/uploads\/2019\/07\/09-300x200.jpg\" class=\"attachment-medium size-medium\" alt=\"\" decoding=\"async\" loading=\"lazy\" srcset=\"https:\/\/suzyapartmaneger.hu\/wp-content\/uploads\/2019\/07\/09-300x200.jpg 300w, https:\/\/suzyapartmaneger.hu\/wp-content\/uploads\/2019\/07\/09-768x513.jpg 768w, https:\/\/suzyapartmaneger.hu\/wp-content\/uploads\/2019\/07\/09-e1562581610158.jpg 1024w, https:\/\/suzyapartmaneger.hu\/wp-content\/uploads\/2019\/07\/09-1500x1001.jpg 1500w\" sizes=\"(max-width: 300px) 100vw, 300px\" \/><\/a>\r\n    \t\t<\/div><\/figure><figure class='gallery-item'>\r\n    \t\t<div class='gallery-icon landscape'>\r\n    \t\t\t<a href='https:\/\/suzyapartmaneger.hu\/en\/szolgaltatasaink\/attachment\/07\/'><img width=\"300\" height=\"200\" src=\"https:\/\/suzyapartmaneger.hu\/wp-content\/uploads\/2019\/07\/07-300x200.jpg\" class=\"attachment-medium size-medium\" alt=\"\" decoding=\"async\" loading=\"lazy\" srcset=\"https:\/\/suzyapartmaneger.hu\/wp-content\/uploads\/2019\/07\/07-300x200.jpg 300w, https:\/\/suzyapartmaneger.hu\/wp-content\/uploads\/2019\/07\/07-768x513.jpg 768w, https:\/\/suzyapartmaneger.hu\/wp-content\/uploads\/2019\/07\/07-e1562581639457.jpg 1024w, https:\/\/suzyapartmaneger.hu\/wp-content\/uploads\/2019\/07\/07-1500x1001.jpg 1500w\" sizes=\"(max-width: 300px) 100vw, 300px\" \/><\/a>\r\n    \t\t<\/div><\/figure><figure class='gallery-item'>\r\n    \t\t<div class='gallery-icon landscape'>\r\n    \t\t\t<a href='https:\/\/suzyapartmaneger.hu\/en\/szolgaltatasaink\/17-1\/'><img width=\"300\" height=\"200\" src=\"https:\/\/suzyapartmaneger.hu\/wp-content\/uploads\/2019\/07\/17-1-300x200.jpg\" class=\"attachment-medium size-medium\" alt=\"\" decoding=\"async\" loading=\"lazy\" srcset=\"https:\/\/suzyapartmaneger.hu\/wp-content\/uploads\/2019\/07\/17-1-300x200.jpg 300w, https:\/\/suzyapartmaneger.hu\/wp-content\/uploads\/2019\/07\/17-1-768x513.jpg 768w, https:\/\/suzyapartmaneger.hu\/wp-content\/uploads\/2019\/07\/17-1-e1562581488467.jpg 1024w, https:\/\/suzyapartmaneger.hu\/wp-content\/uploads\/2019\/07\/17-1-1500x1001.jpg 1500w\" sizes=\"(max-width: 300px) 100vw, 300px\" \/><\/a>\r\n    \t\t<\/div><\/figure><figure class='gallery-item'>\r\n    \t\t<div class='gallery-icon portrait'>\r\n    \t\t\t<a href='https:\/\/suzyapartmaneger.hu\/en\/szolgaltatasaink\/attachment\/15\/'><img width=\"184\" height=\"300\" src=\"https:\/\/suzyapartmaneger.hu\/wp-content\/uploads\/2019\/07\/15-184x300.jpg\" class=\"attachment-medium size-medium\" alt=\"\" decoding=\"async\" loading=\"lazy\" srcset=\"https:\/\/suzyapartmaneger.hu\/wp-content\/uploads\/2019\/07\/15-184x300.jpg 184w, https:\/\/suzyapartmaneger.hu\/wp-content\/uploads\/2019\/07\/15-768x1253.jpg 768w, https:\/\/suzyapartmaneger.hu\/wp-content\/uploads\/2019\/07\/15-e1562581567156.jpg 628w, https:\/\/suzyapartmaneger.hu\/wp-content\/uploads\/2019\/07\/15-1500x2448.jpg 1500w\" sizes=\"(max-width: 184px) 100vw, 184px\" \/><\/a>\r\n    \t\t<\/div><\/figure><figure class='gallery-item'>\r\n    \t\t<div class='gallery-icon portrait'>\r\n    \t\t\t<a href='https:\/\/suzyapartmaneger.hu\/en\/szolgaltatasaink\/attachment\/14\/'><img width=\"200\" height=\"300\" src=\"https:\/\/suzyapartmaneger.hu\/wp-content\/uploads\/2019\/07\/14-200x300.jpg\" class=\"attachment-medium size-medium\" alt=\"\" decoding=\"async\" loading=\"lazy\" srcset=\"https:\/\/suzyapartmaneger.hu\/wp-content\/uploads\/2019\/07\/14-200x300.jpg 200w, https:\/\/suzyapartmaneger.hu\/wp-content\/uploads\/2019\/07\/14-768x1150.jpg 768w, https:\/\/suzyapartmaneger.hu\/wp-content\/uploads\/2019\/07\/14-e1562581583201.jpg 684w, https:\/\/suzyapartmaneger.hu\/wp-content\/uploads\/2019\/07\/14-1500x2247.jpg 1500w\" sizes=\"(max-width: 200px) 100vw, 200px\" \/><\/a>\r\n    \t\t<\/div><\/figure>\r\n    \t<\/div>","protected":false},"excerpt":{"rendered":"<p>A Suzy Apartman 2 szob\u00e1b\u00f3l \u00e1ll. Az els\u0151ben egy eleg\u00e1ns kih\u00fazhat\u00f3s 2 szem\u00e9lyes kanap\u00e9 kapott helyet. Az ebb\u0151l ny\u00edl\u00f3 t\u00e1gas nappaliban egy francia\u00e1gy \u00e9s szint\u00e9n &hellip; <\/p>","protected":false},"author":2,"featured_media":0,"parent":0,"menu_order":0,"comment_status":"closed","ping_status":"closed","template":"","meta":{"ngg_post_thumbnail":0},"_links":{"self":[{"href":"https:\/\/suzyapartmaneger.hu\/en\/wp-json\/wp\/v2\/pages\/20"}],"collection":[{"href":"https:\/\/suzyapartmaneger.hu\/en\/wp-json\/wp\/v2\/pages"}],"about":[{"href":"https:\/\/suzyapartmaneger.hu\/en\/wp-json\/wp\/v2\/types\/page"}],"author":[{"embeddable":true,"href":"https:\/\/suzyapartmaneger.hu\/en\/wp-json\/wp\/v2\/users\/2"}],"replies":[{"embeddable":true,"href":"https:\/\/suzyapartmaneger.hu\/en\/wp-json\/wp\/v2\/comments?post=20"}],"version-history":[{"count":20,"href":"https:\/\/suzyapartmaneger.hu\/en\/wp-json\/wp\/v2\/pages\/20\/revisions"}],"predecessor-version":[{"id":556,"href":"https:\/\/suzyapartmaneger.hu\/en\/wp-json\/wp\/v2\/pages\/20\/revisions\/556"}],"wp:attachment":[{"href":"https:\/\/suzyapartmaneger.hu\/en\/wp-json\/wp\/v2\/media?parent=20"}],"curies":[{"name":"wp","href":"https:\/\/api.w.org\/{rel}","templated":true}]}}