{"id":302,"date":"2020-07-02T17:52:08","date_gmt":"2020-07-02T17:52:08","guid":{"rendered":"https:\/\/suzyapartmaneger.hu\/?page_id=302"},"modified":"2020-07-02T17:58:27","modified_gmt":"2020-07-02T17:58:27","slug":"cookie-nyilatkozat","status":"publish","type":"page","link":"https:\/\/suzyapartmaneger.hu\/en\/cookie-nyilatkozat\/","title":{"rendered":"Cookie nyilatkozat"},"content":{"rendered":"<p>MI AZ A COOKIE, M\u00c1S N\u00c9VEN \u201cS\u00dcTI\u201d?<br>A s\u00fcti, a kiszolg\u00e1l\u00f3 \u00e1ltal meghat\u00e1rozott adatokat hordoz\u00f3 inform\u00e1ci\u00f3csomag, amit a szerver k\u00fcld a b\u00f6ng\u00e9sz\u0151nek, majd a b\u00f6ng\u00e9sz\u0151 a szervernek minden k\u00e9r\u00e9s alkalm\u00e1val. A b\u00f6ng\u00e9sz\u0151k \u00e1ltal\u00e1ban egyszer\u0171 sz\u00f6veges f\u00e1jl(ok)ban t\u00e1rolj\u00e1k a s\u00fctiket (s\u00fctif\u00e1jlok), \u00edgy egyes s\u00fctik a b\u00f6ng\u00e9sz\u0151 kikapcsol\u00e1sa \u00e9s \u00fajraind\u00edt\u00e1sa ut\u00e1n is el\u00e9rhet\u0151ek lesznek.<\/p>\n\n\n\n<p>A <strong>suzyapartmaneger.hu<\/strong> milyen s\u00fctiket \u00e9s mire haszn\u00e1l?<br>Oldalainkon haszn\u00e1lt s\u00fctiket a k\u00f6vetkez\u0151 kateg\u00f3ri\u00e1kba soroljuk:<\/p>\n\n\n\n<ol><li>Felt\u00e9tlen\u00fcl sz\u00fcks\u00e9ges s\u00fctik<\/li><\/ol>\n\n\n\n<p>Ezek a s\u00fctik sz\u00fcks\u00e9gesek honlapunk b\u00f6ng\u00e9sz\u00e9shez, funkci\u00f3inak haszn\u00e1lat\u00e1hoz \u00e9s az oldalon elv\u00e9gzett m\u0171veletek megjegyz\u00e9s\u00e9hez. Mindig csak az adott l\u00e1togat\u00e1s alatt \u00e9rv\u00e9nyesek, a munkamenet v\u00e9gezt\u00e9vel, illetve a b\u00f6ng\u00e9sz\u0151 bez\u00e1r\u00e1s\u00e1val automatikusan t\u00f6rl\u0151dnek a sz\u00e1m\u00edt\u00f3g\u00e9pr\u0151l.<\/p>\n\n\n\n<ol start=\"2\"><li>Teljes\u00edtm\u00e9ny m\u00e9r\u00e9s\u00e9hez sz\u00fcks\u00e9ges s\u00fctik<\/li><\/ol>\n\n\n\n<p>Weboldalunkat Google Analytics s\u00fctikkel elemezz\u00fck, hogy port\u00e1lunkat a l\u00e1togat\u00f3i szok\u00e1soknak megfelel\u0151en fejleszteni \u00e9s jav\u00edtani tudjuk. Fontos, hogy ezek a s\u00fctik nem tudj\u00e1k \u00e9s nem is akarj\u00e1k konkr\u00e9tan beazonos\u00edtani a l\u00e1togat\u00f3kat. Tov\u00e1bbi inform\u00e1ci\u00f3t itt olvashat r\u00f3luk.<\/p>\n\n\n\n<ol start=\"3\"><li>Funkcion\u00e1lis s\u00fctik<\/li><\/ol>\n\n\n\n<p>Megk\u00f6nny\u00edtik \u00e9s \u00e9lvezetesebb\u00e9 teszik \u00d6nnek a weboldal haszn\u00e1lat\u00e1t.<\/p>\n\n\n\n<ol start=\"4\"><li>C\u00e9lz\u00f3 vagy hirdet\u00e9shez haszn\u00e1lt s\u00fctik<\/li><\/ol>\n\n\n\n<p>Ilyenkor a s\u00fctik bizonyos tartalm\u00e1t megosztjuk egy harmadik f\u00e9llel akin\u00e9l hirdet\u00fcnk. Pl. Google hirdet\u00e9s eset\u00e9n a Google-val. (b\u00e1rmikor letilthatja ezt a funkci\u00f3t).<\/p>\n\n\n\n<p>C\u00e9ljuk, hogy olyan inform\u00e1ci\u00f3kkal tal\u00e1lkozzon a l\u00e1togat\u00f3, amelyek sz\u00e1m\u00e1ra \u00e9rdekesek vagy fontosak lehetnek. Ezek a s\u00fctik szint\u00e9n nem tudj\u00e1k konkr\u00e9tan beazonos\u00edtani a l\u00e1togat\u00f3kat (az \u00e9ppen haszn\u00e1lt IP c\u00edmet csak r\u00e9szben r\u00f6gz\u00edtik).<\/p>\n\n\n\n<p>Mik azok a harmadik feles s\u00fctik?<br>Oldalainkon m\u00e1s weboldalak linkjeit vagy ikonjait is megtal\u00e1lja pl. Facebook Like gomb, YouTube vide\u00f3 linkje, Twitter-oldal ikonja stb., melyre kattintva az adott oldalra ir\u00e1ny\u00edtja a l\u00e1togat\u00f3t. Ezek az oldalak is haszn\u00e1lnak s\u00fctiket, amelyekre a vonatkoz\u00f3 szab\u00e1lyokat az adott oldalakon tal\u00e1lja. A <strong>suzyapartmaneger.hu<\/strong> nem felel\u0151s m\u00e1s k\u00fcls\u0151 weboldalak tartalm\u00e1\u00e9rt, m\u0171k\u00f6d\u00e9s\u00e9\u00e9rt \u00e9s nem ellen\u0151rzi a harmadik felek oldalait.<\/p>\n\n\n\n<p>Ezeket a s\u00fctiket csak bizonyos aloldalak l\u00e1togat\u00e1sakor k\u00fcldj\u00fck el, \u00e9s csak az adott aloldal megl\u00e1togat\u00e1s\u00e1nak t\u00e9ny\u00e9t \u00e9s idej\u00e9t t\u00e1roljuk vel\u00fck.<\/p>\n\n\n\n<p>Weblapunk a Google AdWords remarketing s\u00fctijeit is haszn\u00e1lja, hogy a l\u00e1togat\u00f3kat k\u00e9s\u0151bb a Google Display h\u00e1l\u00f3zat\u00e1ba tartoz\u00f3 oldalakon is a sz\u00e1mukra relev\u00e1ns hirdet\u00e9sekkel \u00e9rje el. Ezeket a s\u00fctiket a Google hirdet\u00e9si be\u00e1ll\u00edt\u00e1sok kezel\u0151j\u00e9ben tilthatja le, a Google hirdet\u00e9sekkel kapcsolatos adatv\u00e9delmi ir\u00e1nyelveir\u0151l pedig ide kattintva olvashat.<\/p>\n\n\n\n<p>Hogyan \u00e9rtes\u00edtj\u00fck a l\u00e1togat\u00f3kat, \u00e9s hogyan k\u00e9rj\u00fck hozz\u00e1j\u00e1rul\u00e1sukat a s\u00fctik haszn\u00e1lat\u00e1hoz?<br>Els\u0151 l\u00e1togat\u00e1skor a <strong>suzyapartmaneger.hu<\/strong> honlapj\u00e1n, a k\u00e9perny\u0151 als\u00f3 r\u00e9sz\u00e9n felugrik egy felirat arr\u00f3l, hogy a <strong>suzyapartmaneger.hu <\/strong>azt itt megismerhet\u0151 s\u00fctiket haszn\u00e1lja, illetve egy link, amely ehhez a t\u00e1j\u00e9koztat\u00f3hoz vezet.<\/p>\n\n\n\n<p>Hogyan ellen\u0151rizheti \/ t\u00f6r\u00f6lheti \/ t\u00e1vol\u00edthatja el a s\u00fctiket?<br>A weboldalak megfelel\u0151 \u00e9s felhaszn\u00e1l\u00f3bar\u00e1t m\u0171k\u00f6d\u00e9se \u00e9rdek\u00e9ben a legt\u00f6bb b\u00f6ng\u00e9sz\u0151 automatikusan elfogadja a s\u00fctiket.<\/p>\n\n\n\n<p>Fontos tudnia, hogy n\u00e9h\u00e1ny, vagy az \u00f6sszes s\u00fcti tilt\u00e1sa\/elt\u00e1vol\u00edt\u00e1sa eset\u00e9n \u2013 amit a b\u00f6ng\u00e9sz\u0151je be\u00e1ll\u00edt\u00e1sai k\u00f6z\u00f6tt b\u00e1rmikor megtehet -, megv\u00e1ltoztathatja a weboldal m\u0171k\u00f6d\u00e9s\u00e9t, amely sz\u00e1m\u00edt\u00f3g\u00e9pe t\u00f6bbi felhaszn\u00e1l\u00f3j\u00e1t is \u00e9rinteni fogja.<\/p>\n\n\n\n<p>A legn\u00e9pszer\u0171bb b\u00f6ng\u00e9sz\u0151k s\u00fctikkel kapcsolatos be\u00e1ll\u00edt\u00e1sair\u00f3l az al\u00e1bbi linkeken olvashat<br>Google Chrome; Firefox; Microsoft Internet Explorer 8; Microsoft Internet Explorer 9; Microsoft Internet Explorer 10; Microsoft Internet Explorer 11;Safari<\/p>\n\n\n\n<p>Egyes b\u00f6ng\u00e9sz\u0151k a biztons\u00e1gi szintek \u00e1ll\u00edt\u00e1s\u00e1val teszik lehet\u0151v\u00e9 a s\u00fctik korl\u00e1toz\u00e1s\u00e1t.<\/p>\n\n\n\n<p>Tov\u00e1bbi inform\u00e1ci\u00f3k a s\u00fctikkel kapcsolatban:<br>\u00c1ltal\u00e1nos t\u00e1j\u00e9koztat\u00f3: http:\/\/hu.wikipedia.org\/wiki\/HTTP-s\u00fcti<\/p>\n\n\n\n<p>A Google Adatv\u00e9delmi ir\u00e1nyelveit itt tal\u00e1lja: https:\/\/www.google.com\/intl\/hu\/policies\/privacy\/<\/p>","protected":false},"excerpt":{"rendered":"<p>MI AZ A COOKIE, M\u00c1S N\u00c9VEN \u201cS\u00dcTI\u201d?A s\u00fcti, a kiszolg\u00e1l\u00f3 \u00e1ltal meghat\u00e1rozott adatokat hordoz\u00f3 inform\u00e1ci\u00f3csomag, amit a szerver k\u00fcld a b\u00f6ng\u00e9sz\u0151nek, majd a b\u00f6ng\u00e9sz\u0151 a &hellip; <\/p>","protected":false},"author":2,"featured_media":0,"parent":0,"menu_order":0,"comment_status":"closed","ping_status":"closed","template":"","meta":{"ngg_post_thumbnail":0},"_links":{"self":[{"href":"https:\/\/suzyapartmaneger.hu\/en\/wp-json\/wp\/v2\/pages\/302"}],"collection":[{"href":"https:\/\/suzyapartmaneger.hu\/en\/wp-json\/wp\/v2\/pages"}],"about":[{"href":"https:\/\/suzyapartmaneger.hu\/en\/wp-json\/wp\/v2\/types\/page"}],"author":[{"embeddable":true,"href":"https:\/\/suzyapartmaneger.hu\/en\/wp-json\/wp\/v2\/users\/2"}],"replies":[{"embeddable":true,"href":"https:\/\/suzyapartmaneger.hu\/en\/wp-json\/wp\/v2\/comments?post=302"}],"version-history":[{"count":3,"href":"https:\/\/suzyapartmaneger.hu\/en\/wp-json\/wp\/v2\/pages\/302\/revisions"}],"predecessor-version":[{"id":306,"href":"https:\/\/suzyapartmaneger.hu\/en\/wp-json\/wp\/v2\/pages\/302\/revisions\/306"}],"wp:attachment":[{"href":"https:\/\/suzyapartmaneger.hu\/en\/wp-json\/wp\/v2\/media?parent=302"}],"curies":[{"name":"wp","href":"https:\/\/api.w.org\/{rel}","templated":true}]}}