{"id":354,"date":"2023-02-15T14:19:41","date_gmt":"2023-02-15T14:19:41","guid":{"rendered":"https:\/\/suzyapartmaneger.hu\/?page_id=354"},"modified":"2025-03-29T17:38:23","modified_gmt":"2025-03-29T17:38:23","slug":"354-2","status":"publish","type":"page","link":"https:\/\/suzyapartmaneger.hu\/en\/","title":{"rendered":""},"content":{"rendered":"<div class=\"wp-block-image is-style-default\">\n<figure class=\"aligncenter\"><img decoding=\"async\" loading=\"lazy\" width=\"1138\" height=\"757\" src=\"https:\/\/suzyapartmaneger.hu\/wp-content\/uploads\/2025\/03\/suzy.jpg\" alt=\"\" class=\"wp-image-711\" srcset=\"https:\/\/suzyapartmaneger.hu\/wp-content\/uploads\/2025\/03\/suzy.jpg 1138w, https:\/\/suzyapartmaneger.hu\/wp-content\/uploads\/2025\/03\/suzy-300x200.jpg 300w, https:\/\/suzyapartmaneger.hu\/wp-content\/uploads\/2025\/03\/suzy-1024x681.jpg 1024w, https:\/\/suzyapartmaneger.hu\/wp-content\/uploads\/2025\/03\/suzy-768x511.jpg 768w, https:\/\/suzyapartmaneger.hu\/wp-content\/uploads\/2025\/03\/suzy-18x12.jpg 18w, https:\/\/suzyapartmaneger.hu\/wp-content\/uploads\/2025\/03\/suzy-90x60.jpg 90w, https:\/\/suzyapartmaneger.hu\/wp-content\/uploads\/2025\/03\/suzy-420x280.jpg 420w\" sizes=\"(max-width: 1138px) 100vw, 1138px\" \/><\/figure><\/div>\n\n\n<p class=\"has-text-align-center translation-block\">We welcome our dear guests who want to relax in our air-conditioned apartment, which is ideal for 6 people and located on the pedastrian street in the heart of the historic city centre of Eger.<\/p>\n\n\n\n<p class=\"has-text-align-center\"><strong><em>We provide free parking and a permit to enter the closed parking lot in the inner courtyar of the building.<\/em><\/strong><\/p>\n\n\n<div class=\"wp-block-image\">\n<figure class=\"aligncenter size-full\"><a href=\"https:\/\/suzyapartmaneger.hu\/en\/kapcsolat\/\"><img decoding=\"async\" loading=\"lazy\" width=\"105\" height=\"61\" src=\"https:\/\/suzyapartmaneger.hu\/wp-content\/uploads\/2025\/03\/kapcsolat.png\" alt=\"\" class=\"wp-image-654\" srcset=\"https:\/\/suzyapartmaneger.hu\/wp-content\/uploads\/2025\/03\/kapcsolat.png 105w, https:\/\/suzyapartmaneger.hu\/wp-content\/uploads\/2025\/03\/kapcsolat-18x10.png 18w, https:\/\/suzyapartmaneger.hu\/wp-content\/uploads\/2025\/03\/kapcsolat-103x60.png 103w\" sizes=\"(max-width: 105px) 100vw, 105px\" \/><\/a><\/figure><\/div>","protected":false},"excerpt":{"rendered":"<p>Eger t\u00f6rt\u00e9nelmi belv\u00e1ros\u00e1nak sz\u00edv\u00e9ben a s\u00e9t\u00e1l\u00f3 utc\u00e1n l\u00e9v\u0151 6 f\u00e9r\u0151helyes l\u00e9gkondicion\u00e1lt apartmanunkba v\u00e1rjuk pihenni v\u00e1gy\u00f3 kedves vend\u00e9geinket. Ingyenes parkol\u00f3t \u00e9s behajt\u00e1si enged\u00e9lyt biztos\u00edtunk az \u00e9p\u00fclet &hellip; <\/p>","protected":false},"author":2,"featured_media":0,"parent":0,"menu_order":0,"comment_status":"closed","ping_status":"closed","template":"","meta":{"ngg_post_thumbnail":0},"_links":{"self":[{"href":"https:\/\/suzyapartmaneger.hu\/en\/wp-json\/wp\/v2\/pages\/354"}],"collection":[{"href":"https:\/\/suzyapartmaneger.hu\/en\/wp-json\/wp\/v2\/pages"}],"about":[{"href":"https:\/\/suzyapartmaneger.hu\/en\/wp-json\/wp\/v2\/types\/page"}],"author":[{"embeddable":true,"href":"https:\/\/suzyapartmaneger.hu\/en\/wp-json\/wp\/v2\/users\/2"}],"replies":[{"embeddable":true,"href":"https:\/\/suzyapartmaneger.hu\/en\/wp-json\/wp\/v2\/comments?post=354"}],"version-history":[{"count":29,"href":"https:\/\/suzyapartmaneger.hu\/en\/wp-json\/wp\/v2\/pages\/354\/revisions"}],"predecessor-version":[{"id":718,"href":"https:\/\/suzyapartmaneger.hu\/en\/wp-json\/wp\/v2\/pages\/354\/revisions\/718"}],"wp:attachment":[{"href":"https:\/\/suzyapartmaneger.hu\/en\/wp-json\/wp\/v2\/media?parent=354"}],"curies":[{"name":"wp","href":"https:\/\/api.w.org\/{rel}","templated":true}]}}