{"id":439,"date":"2023-02-16T11:47:35","date_gmt":"2023-02-16T11:47:35","guid":{"rendered":"https:\/\/suzyapartmaneger.hu\/?page_id=439"},"modified":"2023-02-17T10:12:51","modified_gmt":"2023-02-17T10:12:51","slug":"gyermekbarat-szolgaltatasaink","status":"publish","type":"page","link":"https:\/\/suzyapartmaneger.hu\/en\/gyermekbarat-szolgaltatasaink\/","title":{"rendered":"Family-friendly services"},"content":{"rendered":"<div class='ngg-imagebrowser default-view'\n         id='ngg-imagebrowser-86c2e13d918c86ed40dbbedea66c4b6b-439'\n         data-nextgen-gallery-id=\"86c2e13d918c86ed40dbbedea66c4b6b\">\n\n        <h3>Family-friendly services<\/h3>\n\n\t\t<div id=\"ngg-image-0\" class=\"pic\" >\n        \n        <a href='https:\/\/suzyapartmaneger.hu\/wp-content\/gallery\/gyermekbarat-szolgaltatasaink\/07-e1562581639457.jpg'\n           title=' '\n           data-src=\"https:\/\/suzyapartmaneger.hu\/wp-content\/gallery\/gyermekbarat-szolgaltatasaink\/07-e1562581639457.jpg\"\n           data-thumbnail=\"https:\/\/suzyapartmaneger.hu\/wp-content\/gallery\/gyermekbarat-szolgaltatasaink\/thumbs\/thumbs_07-e1562581639457.jpg\"\n           data-image-id=\"19\"\n           data-title=\"Gyermekbar\u00e1t szolg\u00e1ltat\u00e1saink\"\n           data-description=\" \"\n           class=\"ngg-simplelightbox\" rel=\"86c2e13d918c86ed40dbbedea66c4b6b\">\n            <img title='Family-friendly services'\n                 alt='Gyermekbar\u00e1t szolg\u00e1ltat\u00e1saink'\n                 src='https:\/\/suzyapartmaneger.hu\/wp-content\/gallery\/gyermekbarat-szolgaltatasaink\/07-e1562581639457.jpg'\/>\n        <\/a>\n\t    \n        <\/div> \n\n        <div class='ngg-imagebrowser-nav'>\n\n            <div class='back'>\n                <a class='ngg-browser-prev'\n                   id='ngg-prev-25'\n                   href='https:\/\/suzyapartmaneger.hu\/en\/gyermekbarat-szolgaltatasaink\/nggallery\/image\/15-e1562581567156\/'>\n                    <i class=\"fa fa-chevron-left\" aria-hidden=\"true\"><\/i>\n                <\/a>\n            <\/div>\n\n            <div class='next'>\n                <a class='ngg-browser-next'\n                   id='ngg-next-39'\n                   href='https:\/\/suzyapartmaneger.hu\/en\/gyermekbarat-szolgaltatasaink\/nggallery\/image\/dsc_2672-1\/'>\n                    <i class=\"fa fa-chevron-right\" aria-hidden=\"true\"><\/i>\n                <\/a>\n            <\/div>\n\n            <div class='counter'>\n                Image                1                of                8            <\/div>\n\n            <div class='ngg-imagebrowser-desc'>\n                <p> <\/p>\n            <\/div>\n\n        <\/div>\n    <\/div>\n\n\n\n\n<div class=\"wp-block-image\">\n<figure class=\"aligncenter size-full is-resized\"><a href=\"https:\/\/suzyapartmaneger.hu\/en\/kapcsolat\/\" target=\"_blank\" rel=\"noreferrer noopener\"><img decoding=\"async\" loading=\"lazy\" src=\"https:\/\/suzyapartmaneger.hu\/wp-content\/uploads\/2023\/02\/kapcsolat.png\" alt=\"\" class=\"wp-image-489\" width=\"80\" height=\"80\" srcset=\"https:\/\/suzyapartmaneger.hu\/wp-content\/uploads\/2023\/02\/kapcsolat.png 637w, https:\/\/suzyapartmaneger.hu\/wp-content\/uploads\/2023\/02\/kapcsolat-300x300.png 300w, https:\/\/suzyapartmaneger.hu\/wp-content\/uploads\/2023\/02\/kapcsolat-150x150.png 150w, https:\/\/suzyapartmaneger.hu\/wp-content\/uploads\/2023\/02\/kapcsolat-60x60.png 60w\" sizes=\"(max-width: 80px) 100vw, 80px\" \/><\/a><\/figure><\/div>","protected":false},"excerpt":{"rendered":"","protected":false},"author":2,"featured_media":0,"parent":0,"menu_order":0,"comment_status":"closed","ping_status":"closed","template":"","meta":{"ngg_post_thumbnail":0},"_links":{"self":[{"href":"https:\/\/suzyapartmaneger.hu\/en\/wp-json\/wp\/v2\/pages\/439"}],"collection":[{"href":"https:\/\/suzyapartmaneger.hu\/en\/wp-json\/wp\/v2\/pages"}],"about":[{"href":"https:\/\/suzyapartmaneger.hu\/en\/wp-json\/wp\/v2\/types\/page"}],"author":[{"embeddable":true,"href":"https:\/\/suzyapartmaneger.hu\/en\/wp-json\/wp\/v2\/users\/2"}],"replies":[{"embeddable":true,"href":"https:\/\/suzyapartmaneger.hu\/en\/wp-json\/wp\/v2\/comments?post=439"}],"version-history":[{"count":4,"href":"https:\/\/suzyapartmaneger.hu\/en\/wp-json\/wp\/v2\/pages\/439\/revisions"}],"predecessor-version":[{"id":495,"href":"https:\/\/suzyapartmaneger.hu\/en\/wp-json\/wp\/v2\/pages\/439\/revisions\/495"}],"wp:attachment":[{"href":"https:\/\/suzyapartmaneger.hu\/en\/wp-json\/wp\/v2\/media?parent=439"}],"curies":[{"name":"wp","href":"https:\/\/api.w.org\/{rel}","templated":true}]}}