{"id":70,"date":"2018-07-20T11:08:13","date_gmt":"2018-07-20T11:08:13","guid":{"rendered":"https:\/\/suzyapartmaneger.hu\/?page_id=70"},"modified":"2025-03-29T16:01:18","modified_gmt":"2025-03-29T16:01:18","slug":"szolgaltatasaink","status":"publish","type":"page","link":"https:\/\/suzyapartmaneger.hu\/en\/szolgaltatasaink\/","title":{"rendered":"Services"},"content":{"rendered":"<div class=\"wp-block-image\">\n<figure class=\"aligncenter size-large\"><img decoding=\"async\" loading=\"lazy\" width=\"684\" height=\"1024\" src=\"https:\/\/suzyapartmaneger.hu\/wp-content\/uploads\/2018\/07\/DSC_2448-684x1024.jpg\" alt=\"\" class=\"wp-image-125\" srcset=\"https:\/\/suzyapartmaneger.hu\/wp-content\/uploads\/2018\/07\/DSC_2448-684x1024.jpg 684w, https:\/\/suzyapartmaneger.hu\/wp-content\/uploads\/2018\/07\/DSC_2448-200x300.jpg 200w, https:\/\/suzyapartmaneger.hu\/wp-content\/uploads\/2018\/07\/DSC_2448.jpg 768w\" sizes=\"(max-width: 684px) 100vw, 684px\" \/><\/figure><\/div>\n\n\n<p class=\"translation-block\">The air-conditioned apartment consists of two connecting rooms and can accommodate 1-6 people. The apartment has two comfortable sofa beds and a double bed to ensure a comfortable stay for its guests. The cozy rooms are furnished with a sufficient amount of furniture, a flat-screen TV, free fast WiFi and a well-equipped kitchen, making your stay here undisturbed. The apartment is extremely quiet, and its windows are equipped with shutters and blinds.<\/p>\n\n\n<div class=\"wp-block-image\">\n<figure class=\"aligncenter size-full\"><a href=\"https:\/\/suzyapartmaneger.hu\/en\/kapcsolat\/\"><img decoding=\"async\" loading=\"lazy\" width=\"105\" height=\"61\" src=\"https:\/\/suzyapartmaneger.hu\/wp-content\/uploads\/2025\/03\/kapcsolat.png\" alt=\"\" class=\"wp-image-654\" srcset=\"https:\/\/suzyapartmaneger.hu\/wp-content\/uploads\/2025\/03\/kapcsolat.png 105w, https:\/\/suzyapartmaneger.hu\/wp-content\/uploads\/2025\/03\/kapcsolat-18x10.png 18w, https:\/\/suzyapartmaneger.hu\/wp-content\/uploads\/2025\/03\/kapcsolat-103x60.png 103w\" sizes=\"(max-width: 105px) 100vw, 105px\" \/><\/a><\/figure><\/div>","protected":false},"excerpt":{"rendered":"<p>A l\u00e9gkond\u00edcion\u00e1lt apartman k\u00e9t egybe ny\u00edl\u00f3 szob\u00e1b\u00f3l \u00e1ll, 1-6 f\u0151 elsz\u00e1ll\u00e1sol\u00e1s\u00e1ra alkalmas. A lak\u00e1sban k\u00e9t k\u00e9nyelmes kih\u00fazhat\u00f3 kanap\u00e9, illetve egy francia \u00e1gy biztos\u00edtja az itt &hellip; <\/p>","protected":false},"author":2,"featured_media":0,"parent":0,"menu_order":0,"comment_status":"closed","ping_status":"closed","template":"","meta":{"ngg_post_thumbnail":0},"_links":{"self":[{"href":"https:\/\/suzyapartmaneger.hu\/en\/wp-json\/wp\/v2\/pages\/70"}],"collection":[{"href":"https:\/\/suzyapartmaneger.hu\/en\/wp-json\/wp\/v2\/pages"}],"about":[{"href":"https:\/\/suzyapartmaneger.hu\/en\/wp-json\/wp\/v2\/types\/page"}],"author":[{"embeddable":true,"href":"https:\/\/suzyapartmaneger.hu\/en\/wp-json\/wp\/v2\/users\/2"}],"replies":[{"embeddable":true,"href":"https:\/\/suzyapartmaneger.hu\/en\/wp-json\/wp\/v2\/comments?post=70"}],"version-history":[{"count":15,"href":"https:\/\/suzyapartmaneger.hu\/en\/wp-json\/wp\/v2\/pages\/70\/revisions"}],"predecessor-version":[{"id":679,"href":"https:\/\/suzyapartmaneger.hu\/en\/wp-json\/wp\/v2\/pages\/70\/revisions\/679"}],"wp:attachment":[{"href":"https:\/\/suzyapartmaneger.hu\/en\/wp-json\/wp\/v2\/media?parent=70"}],"curies":[{"name":"wp","href":"https:\/\/api.w.org\/{rel}","templated":true}]}}