{"id":742,"date":"2025-03-31T15:22:03","date_gmt":"2025-03-31T15:22:03","guid":{"rendered":"https:\/\/suzyapartmaneger.hu\/?page_id=742"},"modified":"2026-01-11T18:02:36","modified_gmt":"2026-01-11T18:02:36","slug":"araink-3","status":"publish","type":"page","link":"https:\/\/suzyapartmaneger.hu\/en\/araink-3\/","title":{"rendered":"Prices"},"content":{"rendered":"<figure class=\"wp-block-table\"><table><thead><tr><th class=\"has-text-align-center\" data-align=\"center\">2026-ban:<\/th><th class=\"has-text-align-center\" data-align=\"center\">Alap \u00e1r<\/th><th class=\"has-text-align-center\" data-align=\"center\">Szezon:<br>06.20-08.31.<\/th><th class=\"has-text-align-center\" data-align=\"center\">Szilveszter<\/th><\/tr><\/thead><tbody><tr><td class=\"has-text-align-center\" data-align=\"center\">1 f\u0151<\/td><td class=\"has-text-align-center\" data-align=\"center\">28.000,- Ft\/\u00e9j<\/td><td class=\"has-text-align-center\" data-align=\"center\">36.000,- Ft\/\u00e9j<\/td><td class=\"has-text-align-center\" data-align=\"center\">32.000,- Ft\/\u00e9j<\/td><\/tr><tr><td class=\"has-text-align-center\" data-align=\"center\">2 f\u0151<\/td><td class=\"has-text-align-center\" data-align=\"center\">28.000,- Ft\/\u00e9j<\/td><td class=\"has-text-align-center\" data-align=\"center\">36.000,- Ft\/\u00e9j<\/td><td class=\"has-text-align-center\" data-align=\"center\">32.000,- Ft\/\u00e9j<\/td><\/tr><tr><td class=\"has-text-align-center\" data-align=\"center\">3 f\u0151<\/td><td class=\"has-text-align-center\" data-align=\"center\">28.000,- Ft\/\u00e9j<\/td><td class=\"has-text-align-center\" data-align=\"center\">36.000,- Ft\/\u00e9j<\/td><td class=\"has-text-align-center\" data-align=\"center\">35.000,- Ft\/\u00e9j<\/td><\/tr><tr><td class=\"has-text-align-center\" data-align=\"center\">4 f\u0151<\/td><td class=\"has-text-align-center\" data-align=\"center\">35.000,- Ft\/\u00e9j<\/td><td class=\"has-text-align-center\" data-align=\"center\">38.000,- Ft\/\u00e9j<\/td><td class=\"has-text-align-center\" data-align=\"center\">38.000,- Ft\/\u00e9j<\/td><\/tr><tr><td class=\"has-text-align-center\" data-align=\"center\">5 f\u0151<\/td><td class=\"has-text-align-center\" data-align=\"center\">39.000,- Ft\/\u00e9j<\/td><td class=\"has-text-align-center\" data-align=\"center\">42.000,- Ft\/\u00e9j<\/td><td class=\"has-text-align-center\" data-align=\"center\">42.000,- Ft\/\u00e9j<\/td><\/tr><tr><td class=\"has-text-align-center\" data-align=\"center\">6 f\u0151<\/td><td class=\"has-text-align-center\" data-align=\"center\">41.000,- Ft\/\u00e9j<\/td><td class=\"has-text-align-center\" data-align=\"center\">48.000,- Ft\/\u00e9j<\/td><td class=\"has-text-align-center\" data-align=\"center\">48.000,- Ft\/\u00e9j<\/td><\/tr><\/tbody><\/table><\/figure>\n\n\n\n<p><strong>Az \u00e1rak nem tartalmazz\u00e1k az idegenforgalmi ad\u00f3t, mely 18 \u00e9v felett fizetend\u0151: 650 Ft\/\u00e9j.<\/strong><\/p>\n\n\n\n<h2 class=\"wp-block-heading\">Foglal\u00e1si szab\u00e1lyok:<\/h2>\n\n\n\n<p><strong>1 \u00e9jszak\u00e1s fel\u00e1r: +10%<\/strong><\/p>\n\n\n\n<p><mark style=\"background-color:rgba(0, 0, 0, 0)\" class=\"has-inline-color has-black-color\">Minimum 2 \u00e9jszaka foglal\u00e1sa sz\u00fcks\u00e9ges az al\u00e1bbi id\u0151szakokban:<\/mark><\/p>\n\n\n\n<ul>\n<li>H\u00e9tv\u00e9gente, p\u00e9ntekt\u0151l vas\u00e1rnapig<\/li>\n\n\n\n<li>06.01-19. k\u00f6z\u00f6tt<\/li>\n\n\n\n<li>09.01-30. k\u00f6z\u00f6tt<\/li>\n\n\n\n<li>12.01-23. k\u00f6z\u00f6tt<\/li>\n<\/ul>\n\n\n\n<p><mark style=\"background-color:rgba(0, 0, 0, 0)\" class=\"has-inline-color has-black-color\">Minimum 3 \u00e9jszaka foglal\u00e1sa sz\u00fcks\u00e9ges:<\/mark><\/p>\n\n\n\n<ul>\n<li>06.20-08.31. k\u00f6z\u00f6tt<\/li>\n\n\n\n<li>10.23-29. k\u00f6z\u00f6tt<\/li>\n\n\n\n<li>12.24-01.02. k\u00f6z\u00f6tt<\/li>\n<\/ul>\n\n\n\n<p><strong>Foglal\u00e1si felt\u00e9telek:<\/strong><\/p>\n\n\n\n<p>A foglal\u00e1s meger\u0151s\u00edt\u00e9se a foglal\u00f3 kifizet\u00e9s\u00e9vel t\u00f6rt\u00e9nik (a sz\u00e1ll\u00e1sd\u00edj \u00f6sszeg\u00e9nek 30%-a), melyet bank \u00e1tutal\u00e1ssal lehet kiegyenl\u00edteni a foglal\u00e1st k\u00f6vet\u0151 3 napon bel\u00fcl.<\/p>\n\n\n\n<p><strong>Lemond\u00e1si felt\u00e9telek:<\/strong><\/p>\n\n\n\n<p>Amennyiben lemond\u00e1sa 14 nappal az \u00e9rkez\u00e9s el\u0151tt t\u00f6rt\u00e9nik, \u00fagy foglal\u00f3j\u00e1t a banki k\u00f6lts\u00e9g levon\u00e1sa ut\u00e1n k\u00e9r\u00e9s\u00e9re visszat\u00e9r\u00edtj\u00fck. 14 napon bel\u00fcli lemond\u00e1s eset\u00e9n foglal\u00f3j\u00e1t nem \u00e1ll m\u00f3dunkban visszafizetni.<\/p>\n\n\n\n<p><\/p>","protected":false},"excerpt":{"rendered":"<p>2026-ban: Alap \u00e1r Szezon:06.20-08.31. Szilveszter 1 f\u0151 28.000,- Ft\/\u00e9j 36.000,- Ft\/\u00e9j 32.000,- Ft\/\u00e9j 2 f\u0151 28.000,- Ft\/\u00e9j 36.000,- Ft\/\u00e9j 32.000,- Ft\/\u00e9j 3 f\u0151 28.000,- Ft\/\u00e9j &hellip; <\/p>","protected":false},"author":2,"featured_media":0,"parent":0,"menu_order":0,"comment_status":"closed","ping_status":"closed","template":"","meta":{"ngg_post_thumbnail":0},"_links":{"self":[{"href":"https:\/\/suzyapartmaneger.hu\/en\/wp-json\/wp\/v2\/pages\/742"}],"collection":[{"href":"https:\/\/suzyapartmaneger.hu\/en\/wp-json\/wp\/v2\/pages"}],"about":[{"href":"https:\/\/suzyapartmaneger.hu\/en\/wp-json\/wp\/v2\/types\/page"}],"author":[{"embeddable":true,"href":"https:\/\/suzyapartmaneger.hu\/en\/wp-json\/wp\/v2\/users\/2"}],"replies":[{"embeddable":true,"href":"https:\/\/suzyapartmaneger.hu\/en\/wp-json\/wp\/v2\/comments?post=742"}],"version-history":[{"count":4,"href":"https:\/\/suzyapartmaneger.hu\/en\/wp-json\/wp\/v2\/pages\/742\/revisions"}],"predecessor-version":[{"id":830,"href":"https:\/\/suzyapartmaneger.hu\/en\/wp-json\/wp\/v2\/pages\/742\/revisions\/830"}],"wp:attachment":[{"href":"https:\/\/suzyapartmaneger.hu\/en\/wp-json\/wp\/v2\/media?parent=742"}],"curies":[{"name":"wp","href":"https:\/\/api.w.org\/{rel}","templated":true}]}}