{"id":82,"date":"2018-07-20T12:01:59","date_gmt":"2018-07-20T12:01:59","guid":{"rendered":"https:\/\/suzyapartmaneger.hu\/?page_id=82"},"modified":"2025-03-29T17:25:07","modified_gmt":"2025-03-29T17:25:07","slug":"latnivalok","status":"publish","type":"page","link":"https:\/\/suzyapartmaneger.hu\/en\/latnivalok\/","title":{"rendered":"Attractions"},"content":{"rendered":"<p><a href=\"http:\/\/www.egrivar.hu\/fooldal\" target=\"_blank\" rel=\"noopener\">Egri v\u00e1r<\/a><br \/>\n<a href=\"https:\/\/mindenamieger.blogspot.com\/2015\/07\/mar-latogathato-varfalsetany.html\" target=\"_blank\" rel=\"noopener\">V\u00e1rfal s\u00e9t\u00e1ny<\/a><br \/>\n<a href=\"https:\/\/eger-bazilika.plebania.hu\/\" target=\"_blank\" rel=\"noopener\">Bazilika<\/a><br \/>\n<a href=\"https:\/\/www.uni-eszterhazy.hu\/\" target=\"_blank\" rel=\"noopener\">L\u00edceum<\/a><br \/>\n<a href=\"http:\/\/www.egriersekipalota.hu\/\" target=\"_blank\" rel=\"noopener\">\u00c9rseki Palota<\/a><br \/>\n<a href=\"http:\/\/www.eger.hu\/hu\/varos\/dobo-teri-webkamera\" target=\"_blank\" rel=\"noopener\">Dob\u00f3 t\u00e9r<\/a><br \/>\n<a href=\"https:\/\/mindenamieger.blogspot.com\/2014\/08\/eger-ersekkert-termeszetvedelmi-terulet.html\" target=\"_blank\" rel=\"noopener\">\u00c9rsek kert<\/a><br \/>\n<a href=\"http:\/\/www.szepasszonyvolgy.info\/\" target=\"_blank\" rel=\"noopener\">Sz\u00e9passzony v\u00f6lgy<\/a><br \/>\n<a href=\"https:\/\/egrivar.hu\/hu\/kiallitasok-22\/tagintezmenyek\/c\/gardonyi-geza-emlekhaz\" target=\"_blank\" rel=\"noopener\">G\u00e1rdonyi G\u00e9za eml\u00e9km\u00fazeum<\/a><br \/>\n<a href=\"https:\/\/mindenamieger.blogspot.com\/2016\/07\/szent-jozsef-forras-dr-agyagasi-dezso.html\" target=\"_blank\" rel=\"noopener\">Szent J\u00f3zsef forr\u00e1s<\/a><br \/>\n<a href=\"http:\/\/www.minareteger.hu\/\" target=\"_blank\" rel=\"noopener\">Minaret<\/a><br \/>\n<a href=\"http:\/\/www.eger.hu\/hu\/varos\/tortenelmi-nevezetessegek\/epitett-orokseg\/c\/minorita-templom\" target=\"_blank\" rel=\"noopener\">Minorita templom<\/a><br \/>\n<a href=\"https:\/\/www.facebook.com\/cisztercieger\/?locale=hu_HU\" target=\"_blank\" rel=\"noopener\">Ciszterci templom<\/a><br \/>\n<a href=\"https:\/\/ekmkeger.hu\/project\/ekmk-vitkovics-alkotohaz-es-muvesztelep\/\" target=\"_blank\" rel=\"noopener\">Vitkovics H\u00e1z<\/a><br \/>\n<a href=\"http:\/\/www.kopcsikmarcipania.hu\/\" target=\"_blank\" rel=\"noopener\">Kopcsik marcip\u00e1nia<\/a><br \/>\n<a href=\"http:\/\/beatlesmuzeum.hu\/\" target=\"_blank\" rel=\"noopener\">Beatles m\u00fazeum<\/a><\/p>","protected":false},"excerpt":{"rendered":"<p>Egri v\u00e1r V\u00e1rfal s\u00e9t\u00e1ny Bazilika L\u00edceum \u00c9rseki Palota Dob\u00f3 t\u00e9r \u00c9rsek kert Sz\u00e9passzony v\u00f6lgy G\u00e1rdonyi G\u00e9za eml\u00e9km\u00fazeum Szent J\u00f3zsef forr\u00e1s Minaret Minorita templom Ciszterci templom &hellip; <\/p>","protected":false},"author":2,"featured_media":0,"parent":0,"menu_order":0,"comment_status":"closed","ping_status":"closed","template":"","meta":{"ngg_post_thumbnail":0},"_links":{"self":[{"href":"https:\/\/suzyapartmaneger.hu\/en\/wp-json\/wp\/v2\/pages\/82"}],"collection":[{"href":"https:\/\/suzyapartmaneger.hu\/en\/wp-json\/wp\/v2\/pages"}],"about":[{"href":"https:\/\/suzyapartmaneger.hu\/en\/wp-json\/wp\/v2\/types\/page"}],"author":[{"embeddable":true,"href":"https:\/\/suzyapartmaneger.hu\/en\/wp-json\/wp\/v2\/users\/2"}],"replies":[{"embeddable":true,"href":"https:\/\/suzyapartmaneger.hu\/en\/wp-json\/wp\/v2\/comments?post=82"}],"version-history":[{"count":4,"href":"https:\/\/suzyapartmaneger.hu\/en\/wp-json\/wp\/v2\/pages\/82\/revisions"}],"predecessor-version":[{"id":707,"href":"https:\/\/suzyapartmaneger.hu\/en\/wp-json\/wp\/v2\/pages\/82\/revisions\/707"}],"wp:attachment":[{"href":"https:\/\/suzyapartmaneger.hu\/en\/wp-json\/wp\/v2\/media?parent=82"}],"curies":[{"name":"wp","href":"https:\/\/api.w.org\/{rel}","templated":true}]}}